{"id":1736,"date":"2021-09-09T21:19:31","date_gmt":"2021-09-09T21:19:31","guid":{"rendered":"https:\/\/minestrone.com.br\/clubedeassinatura\/?page_id=1736"},"modified":"2021-09-09T22:11:38","modified_gmt":"2021-09-09T22:11:38","slug":"politica-de-privacidade","status":"publish","type":"page","link":"https:\/\/minestrone.com.br\/clubedeassinatura\/politica-de-privacidade\/","title":{"rendered":"Pol\u00edtica de Privacidade"},"content":{"rendered":"\t\t<div data-elementor-type=\"wp-post\" data-elementor-id=\"1736\" class=\"elementor elementor-1736\" data-elementor-post-type=\"page\">\n\t\t\t\t\t\t<section class=\"elementor-section elementor-top-section elementor-element elementor-element-c979b3e elementor-section-boxed elementor-section-height-default elementor-section-height-default\" data-id=\"c979b3e\" data-element_type=\"section\" data-settings=\"{&quot;background_background&quot;:&quot;classic&quot;}\">\n\t\t\t\t\t\t\t<div class=\"elementor-background-overlay\"><\/div>\n\t\t\t\t\t\t\t<div class=\"elementor-container elementor-column-gap-no\">\n\t\t\t\t\t<div class=\"elementor-column elementor-col-100 elementor-top-column elementor-element elementor-element-ff7825f\" data-id=\"ff7825f\" data-element_type=\"column\">\n\t\t\t<div class=\"elementor-widget-wrap elementor-element-populated\">\n\t\t\t\t\t\t<div class=\"elementor-element elementor-element-1bd5965 elementor-widget elementor-widget-heading\" data-id=\"1bd5965\" data-element_type=\"widget\" data-widget_type=\"heading.default\">\n\t\t\t\t<div class=\"elementor-widget-container\">\n\t\t\t\t\t<h2 class=\"elementor-heading-title elementor-size-default\">Pol\u00edtica de privacidade<\/h2>\t\t\t\t<\/div>\n\t\t\t\t<\/div>\n\t\t\t\t<div class=\"elementor-element elementor-element-242e738 elementor-widget elementor-widget-text-editor\" data-id=\"242e738\" data-element_type=\"widget\" data-widget_type=\"text-editor.default\">\n\t\t\t\t<div class=\"elementor-widget-container\">\n\t\t\t\t\t\t\t\t\t<p>Este site de dom\u00ednio\u00a0<strong>www.minestrone.com.br\/clubedeassinatura<\/strong>\u00a0\u00e9 operado pelo\u00a0<strong>CLUBE DE ASSINATURAS MINESTRONE<\/strong>, sob a raz\u00e3o social MARIA CL\u00c1UDIA GAVIOLI &#8211; 122.651.228-31, com sede na Rua Martinico Prado &#8211; CEP 01.224-010 &#8211; na cidade de S\u00e3o Paulo\/ SP, inscrito no CNPJ 36.522.202\/0001-40.<\/p><p>O site est\u00e1 dispon\u00edvel para fornecer informa\u00e7\u00f5es sobre nossos servi\u00e7os, sem que o navegador precise fornecer nenhum dado pessoal.<\/p><p>Quando voc\u00ea efetivar seu cadastro, podendo ou n\u00e3o se tornam um membro ASSINANTE, seus dados pessoais como Nome Completo, Data de Nascimento, E-mail, Telefone, Endere\u00e7o e Dados do Cart\u00e3o de Cr\u00e9dito ser\u00e3o fornecidos para que possamos efetuar seus pedidos e gerenciar suas entregas, e n\u00e3o s\u00e3o repassados ou vendidos.\u00a0<\/p><p>O n\u00famero do seu cart\u00e3o de cr\u00e9dito \u00e9 usado somente no processamento de compra atrav\u00e9s da plataforma de pagamento, n\u00e3o sendo, de nenhuma forma, guardado nos arquivos depois da opera\u00e7\u00e3o.<\/p><p>Seu endere\u00e7o de e-mail ser\u00e1 utilizado como instrumento para nos comunicarmos: envio de confirma\u00e7\u00e3o de entrega, tirar suas d\u00favidas ou outras informa\u00e7\u00f5es sobre sua assinatura. Ser\u00e1 utilizado tamb\u00e9m para a divulga\u00e7\u00e3o de promo\u00e7\u00f5es, envio de newsletter e lan\u00e7amentos do nosso Site.<\/p><p>Estas informa\u00e7\u00f5es s\u00e3o utilizadas para atender ao seu pedido de acordo com o nosso contrato que est\u00e1 descrito nos\u00a0<strong>Termos de Uso<\/strong>\u00a0do site a seguir.<\/p><p>Este site utiliza o Google Analytics, um servi\u00e7o web analytics fornecidos pela Google Inc. (\u201cGoogle\u201d), o qual utiliza \u201ccookies\u201d, arquivos de texto que s\u00e3o armazenados no seu computador para ajudar a analisar o uso do site. O Google n\u00e3o pode transferir estas informa\u00e7\u00f5es a terceiros, exceto se exigido por lei ou para terceiros que processem a informa\u00e7\u00e3o em nome do Google, sob sua exclusiva responsabilidade. Voc\u00ea pode recusar o uso de cookies alterando as configura\u00e7\u00f5es do seu navegador, no entanto nem todas as funcionalidades do site estar\u00e3o dispon\u00edveis e as nossas ofertas de trabalho poder\u00e3o n\u00e3o ser divulgadas para voc\u00ea.\u00a0 Assim, ao utilizar este site, voc\u00ea concorda com o processamento de dados pelo Google na forma descrita e para o referido fim.<\/p><p>Quando da utiliza\u00e7\u00e3o de certos servi\u00e7os oferecidos, se o usu\u00e1rio for redirecionado para sites de terceiros onde seja necess\u00e1rio fornecimento de informa\u00e7\u00f5es pessoais, o uso, a guarda e a prote\u00e7\u00e3o dessas informa\u00e7\u00f5es ser\u00e3o de inteira e exclusiva responsabilidade dos titulares desses outros sites, n\u00e3o tendo nenhuma rela\u00e7\u00e3o com o <strong>CLUBE DE ASSINATURAS MINESTRONE<\/strong>.<\/p><p>\u00c9 de inteira responsabilidade do usu\u00e1rio manter o ambiente de seu computador seguro, com o uso de ferramentas dispon\u00edveis como antiv\u00edrus e firewall, entre outras, de modo a prevenir riscos eletr\u00f4nicos e, ainda, utilizar-se de softwares atualizados e eficientes para o acesso ao site.<\/p>\t\t\t\t\t\t\t\t<\/div>\n\t\t\t\t<\/div>\n\t\t\t\t\t<\/div>\n\t\t<\/div>\n\t\t\t\t\t<\/div>\n\t\t<\/section>\n\t\t\t\t<\/div>\n\t\t","protected":false},"excerpt":{"rendered":"<p>Pol\u00edtica de privacidade Este site de dom\u00ednio\u00a0www.minestrone.com.br\/clubedeassinatura\u00a0\u00e9 operado pelo\u00a0CLUBE DE ASSINATURAS MINESTRONE, sob a raz\u00e3o social MARIA CL\u00c1UDIA GAVIOLI &#8211; 122.651.228-31, com sede na Rua Martinico Prado &#8211; CEP 01.224-010 &#8211; na cidade de S\u00e3o Paulo\/ SP, inscrito no CNPJ 36.522.202\/0001-40. O site est\u00e1 dispon\u00edvel para fornecer informa\u00e7\u00f5es sobre nossos servi\u00e7os, sem que o navegador &hellip;<\/p>\n<p class=\"read-more\"> <a class=\"\" href=\"https:\/\/minestrone.com.br\/clubedeassinatura\/politica-de-privacidade\/\"> <span class=\"screen-reader-text\">Pol\u00edtica de Privacidade<\/span> Leia mais &raquo;<\/a><\/p>\n","protected":false},"author":1,"featured_media":0,"parent":0,"menu_order":0,"comment_status":"closed","ping_status":"closed","template":"","meta":{"footnotes":""},"class_list":["post-1736","page","type-page","status-publish","hentry"],"_links":{"self":[{"href":"https:\/\/minestrone.com.br\/clubedeassinatura\/wp-json\/wp\/v2\/pages\/1736","targetHints":{"allow":["GET"]}}],"collection":[{"href":"https:\/\/minestrone.com.br\/clubedeassinatura\/wp-json\/wp\/v2\/pages"}],"about":[{"href":"https:\/\/minestrone.com.br\/clubedeassinatura\/wp-json\/wp\/v2\/types\/page"}],"author":[{"embeddable":true,"href":"https:\/\/minestrone.com.br\/clubedeassinatura\/wp-json\/wp\/v2\/users\/1"}],"replies":[{"embeddable":true,"href":"https:\/\/minestrone.com.br\/clubedeassinatura\/wp-json\/wp\/v2\/comments?post=1736"}],"version-history":[{"count":11,"href":"https:\/\/minestrone.com.br\/clubedeassinatura\/wp-json\/wp\/v2\/pages\/1736\/revisions"}],"predecessor-version":[{"id":1781,"href":"https:\/\/minestrone.com.br\/clubedeassinatura\/wp-json\/wp\/v2\/pages\/1736\/revisions\/1781"}],"wp:attachment":[{"href":"https:\/\/minestrone.com.br\/clubedeassinatura\/wp-json\/wp\/v2\/media?parent=1736"}],"curies":[{"name":"wp","href":"https:\/\/api.w.org\/{rel}","templated":true}]}}